{"id":316,"date":"2023-06-06T12:58:40","date_gmt":"2023-06-06T12:58:40","guid":{"rendered":"https:\/\/power2u-energy.com\/?page_id=316"},"modified":"2023-10-10T11:56:07","modified_gmt":"2023-10-10T09:56:07","slug":"legal","status":"publish","type":"page","link":"https:\/\/power2u-energy.com\/en\/legal\/","title":{"rendered":"Legal notice"},"content":{"rendered":"<style>.elementor-316 .elementor-element.elementor-element-5f3346d{padding:80px 0px 0px 0px;}.elementor-316 .elementor-element.elementor-element-acf2dd8{text-align:center;}.elementor-316 .elementor-element.elementor-element-0b07e20{--divider-border-style:solid;--divider-color:var( --e-global-color-primary );--divider-border-width:5px;}.elementor-316 .elementor-element.elementor-element-0b07e20 .elementor-divider-separator{width:15%;margin:0 auto;margin-center:0;}.elementor-316 .elementor-element.elementor-element-0b07e20 .elementor-divider{text-align:center;padding-block-start:0px;padding-block-end:0px;}.elementor-316 .elementor-element.elementor-element-ef46152{padding:80px 0px 80px 0px;}@media(max-width:1366px){.elementor-316 .elementor-element.elementor-element-ef46152{padding:60px 50px 60px 50px;}}@media(max-width:1024px){.elementor-316 .elementor-element.elementor-element-5f3346d{padding:60px 20px 0px 20px;}.elementor-316 .elementor-element.elementor-element-ef46152{padding:60px 20px 60px 20px;}}@media(max-width:767px){.elementor-316 .elementor-element.elementor-element-5f3346d{padding:50px 20px 0px 20px;}.elementor-316 .elementor-element.elementor-element-ef46152{padding:60px 20px 60px 20px;}}<\/style>\t\t<div data-elementor-type=\"wp-page\" data-elementor-id=\"316\" class=\"elementor elementor-316\" data-elementor-post-type=\"page\">\n\t\t\t\t\t\t<section class=\"elementor-section elementor-top-section elementor-element elementor-element-5f3346d elementor-section-boxed elementor-section-height-default elementor-section-height-default\" data-id=\"5f3346d\" data-element_type=\"section\" data-e-type=\"section\">\n\t\t\t\t\t\t<div class=\"elementor-container elementor-column-gap-no\">\n\t\t\t\t\t<div class=\"elementor-column elementor-col-100 elementor-top-column elementor-element elementor-element-922fed5\" data-id=\"922fed5\" data-element_type=\"column\" data-e-type=\"column\">\n\t\t\t<div class=\"elementor-widget-wrap elementor-element-populated\">\n\t\t\t\t\t\t<div class=\"elementor-element elementor-element-0b07e20 elementor-widget-divider--view-line elementor-widget elementor-widget-divider\" data-id=\"0b07e20\" data-element_type=\"widget\" data-e-type=\"widget\" data-widget_type=\"divider.default\">\n\t\t\t\t<div class=\"elementor-widget-container\">\n\t\t\t\t\t\t\t<div class=\"elementor-divider\">\n\t\t\t<span class=\"elementor-divider-separator\">\n\t\t\t\t\t\t<\/span>\n\t\t<\/div>\n\t\t\t\t\t\t<\/div>\n\t\t\t\t<\/div>\n\t\t\t\t\t<\/div>\n\t\t<\/div>\n\t\t\t\t\t<\/div>\n\t\t<\/section>\n\t\t\t\t<section class=\"elementor-section elementor-top-section elementor-element elementor-element-ef46152 elementor-section-boxed elementor-section-height-default elementor-section-height-default\" data-id=\"ef46152\" data-element_type=\"section\" data-e-type=\"section\">\n\t\t\t\t\t\t<div class=\"elementor-container elementor-column-gap-no\">\n\t\t\t\t\t<div class=\"elementor-column elementor-col-100 elementor-top-column elementor-element elementor-element-421f98d\" data-id=\"421f98d\" data-element_type=\"column\" data-e-type=\"column\">\n\t\t\t<div class=\"elementor-widget-wrap elementor-element-populated\">\n\t\t\t\t\t\t<div class=\"elementor-element elementor-element-4a998fc elementor-widget elementor-widget-heading\" data-id=\"4a998fc\" data-element_type=\"widget\" data-e-type=\"widget\" data-widget_type=\"heading.default\">\n\t\t\t\t<div class=\"elementor-widget-container\">\n\t\t\t\t\t<h4 class=\"elementor-heading-title elementor-size-default\">I. General information<\/h4>\t\t\t\t<\/div>\n\t\t\t\t<\/div>\n\t\t\t\t<div class=\"elementor-element elementor-element-a0c3255 elementor-widget elementor-widget-text-editor\" data-id=\"a0c3255\" data-element_type=\"widget\" data-e-type=\"widget\" data-widget_type=\"text-editor.default\">\n\t\t\t\t<div class=\"elementor-widget-container\">\n\t\t\t\t\t\t\t\t\t<p>In compliance with the obligation to provide information as stipulated in Law 34\/2002 on Information Society Services and Electronic Commerce (LSSI-CE) of 11 July, the following general information on this website is provided below:<\/p><p><span style=\"font-weight: 400;\">The ownership of this website, https:\/\/power2u-energy.com\/, (hereinafter Website) is held by: Power2U-Energy S.L, holder of Tax Identification Number: B67707505 and registered in: with the following registry details: , whose representative is: , and whose contact details are:<\/span><\/p><ul><li>Address: Av. Oza 165, 4B 15006 (A Coru\u00f1a)<\/li><li>Contact telephone number: +34 607 310 683<\/li><li>Contact email: info@<span style=\"font-weight: 400;\">power2u-energy.com<\/span><\/li><\/ul>\t\t\t\t\t\t\t\t<\/div>\n\t\t\t\t<\/div>\n\t\t\t\t<div class=\"elementor-element elementor-element-7340bf3 elementor-widget elementor-widget-heading\" data-id=\"7340bf3\" data-element_type=\"widget\" data-e-type=\"widget\" data-widget_type=\"heading.default\">\n\t\t\t\t<div class=\"elementor-widget-container\">\n\t\t\t\t\t<h4 class=\"elementor-heading-title elementor-size-default\">II. General terms and conditions of use<\/h4>\t\t\t\t<\/div>\n\t\t\t\t<\/div>\n\t\t\t\t<div class=\"elementor-element elementor-element-5371dd0 elementor-widget elementor-widget-text-editor\" data-id=\"5371dd0\" data-element_type=\"widget\" data-e-type=\"widget\" data-widget_type=\"text-editor.default\">\n\t\t\t\t<div class=\"elementor-widget-container\">\n\t\t\t\t\t\t\t\t\t<p><strong>The subject matter of the terms and conditions: The Website<\/strong><\/p><p>The purpose of these General Conditions of Use (hereinafter, Conditions) is to regulate access to and use of the Website. For the purposes of these Terms and Conditions, the Website shall be understood to mean: the external appearance of the screen interfaces, both static and dynamic, i.e. the navigation tree; and all the elements integrated both in the screen interfaces and in the navigation tree (hereinafter, Content) and all those online services or resources that may be offered to Users (hereinafter, Services).<\/p><p><span style=\"font-weight: 400;\">Power2U Energy<\/span> reserves the right to modify, at any time and without prior notice, the presentation and configuration of the Website and the Content and Services that may be incorporated therein. The User acknowledges and accepts that at any time <span style=\"font-weight: 400;\">Power2U Energy<\/span> may interrupt, deactivate and\/or cancel any of these elements that are integrated in the Website or access to them.<\/p><p>Access to the Website by the User is free and, as a general rule, is free of charge, without the User having to provide any consideration in order to enjoy it, except for the cost of connection through the telecommunications network supplied by the access provider contracted by the User.<\/p><p>The use of the Content does not require any prior subscription or registration.<\/p><p><strong>The User<\/strong><\/p><p>Access, browsing and use of the Website confers the condition of User, and therefore, from the moment browsing the Website begins, the User accepts all the Conditions established herein, as well as any subsequent modifications, without prejudice to the application of the corresponding legal regulations that must be complied with according to each case. Given the relevance of the above, the User is recommended to read them every time he\/she visits the Website.<\/p><p>The website of <span style=\"font-weight: 400;\">Power2U Energy<\/span> provides a wide range of information, services and data. The User assumes responsibility for the correct use of the Website. This responsibility extends to:<\/p><ul><li>A use of the information, Contents and\/or Services and data offered by <span style=\"font-weight: 400;\">Power2U Energy<\/span> without being contrary to the provisions of these Conditions, the Law, morality or public order, or that in any other way may be detrimental to the rights of third parties or to the operation of the Website.<\/li><li>The truthfulness and legality of the information provided by the User on the forms provided by <span style=\"font-weight: 400;\">Power2U Energy<\/span> for access to certain Content or Services offered by the Website. In any case, the User shall immediately notify to <span style=\"font-weight: 400;\">Power2U Energy<\/span> about any event that allows the improper use of the information registered in such forms, such as, but not limited to, theft, loss, or unauthorised access to identifiers and\/or passwords, in order to proceed to their immediate cancellation.<\/li><li>Mere access to this Website does not imply the establishment of any commercial relationship between <span style=\"font-weight: 400;\">Power2U Energy<\/span> and the User.<\/li><li>The User declares that he\/she is of legal age and has sufficient legal capacity to be bound by these Conditions. Therefore, this Website of <span style=\"font-weight: 400;\">Power2U Energy<\/span> is not intended for minors. <span style=\"font-weight: 400;\">Power2U Energy<\/span> disclaims any liability for non-compliance with this requirement.<\/li><li>The Website is primarily intended for Users residing in Spain. <span style=\"font-weight: 400;\">Power2U Energy<\/span> makes no representation that the Website complies with the laws of other countries, either in whole or in part. If the User resides or is domiciled in another place and decides to access and\/or browse the Website, he\/she shall do so at his\/her own risk and shall ensure that such access and browsing complies with the local legislation applicable to him\/her, and shall not assume any liability for any such access and\/or browsing. <span style=\"font-weight: 400;\">Power2U Energy<\/span> any liability that may arise from such access.<\/li><\/ul>\t\t\t\t\t\t\t\t<\/div>\n\t\t\t\t<\/div>\n\t\t\t\t<div class=\"elementor-element elementor-element-1242486 elementor-widget elementor-widget-heading\" data-id=\"1242486\" data-element_type=\"widget\" data-e-type=\"widget\" data-widget_type=\"heading.default\">\n\t\t\t\t<div class=\"elementor-widget-container\">\n\t\t\t\t\t<h4 class=\"elementor-heading-title elementor-size-default\">III. Accessing and browsing the website: exclusion of guarantees and liability<\/h4>\t\t\t\t<\/div>\n\t\t\t\t<\/div>\n\t\t\t\t<div class=\"elementor-element elementor-element-40c1560 elementor-widget elementor-widget-text-editor\" data-id=\"40c1560\" data-element_type=\"widget\" data-e-type=\"widget\" data-widget_type=\"text-editor.default\">\n\t\t\t\t<div class=\"elementor-widget-container\">\n\t\t\t\t\t\t\t\t\t<p><span style=\"font-weight: 400;\">Power2U Energy<\/span> does not guarantee the continuity, availability and usefulness of the Website, or of the Content or Services. <span style=\"font-weight: 400;\">Power2U Energy<\/span> will make every effort to ensure the smooth operation of the Website, but makes no representation or warranty that access to the Website will be uninterrupted or error free.<\/p><p>Nor does it accept any responsibility or guarantee that the content or software that can be accessed through this Website is free from error or causes damage to the User's computer system (software and hardware). Under no circumstances <span style=\"font-weight: 400;\">Power2U Energy<\/span> shall be liable for any loss, damage or harm of any kind arising from accessing, browsing and using the Website, including, but not limited to, loss, damage or harm caused to computer systems or caused by the introduction of viruses.<\/p>\t\t\t\t\t\t\t\t<\/div>\n\t\t\t\t<\/div>\n\t\t\t\t<div class=\"elementor-element elementor-element-ac99c9f elementor-widget elementor-widget-heading\" data-id=\"ac99c9f\" data-element_type=\"widget\" data-e-type=\"widget\" data-widget_type=\"heading.default\">\n\t\t\t\t<div class=\"elementor-widget-container\">\n\t\t\t\t\t<h4 class=\"elementor-heading-title elementor-size-default\">IV. Linking policy<\/h4>\t\t\t\t<\/div>\n\t\t\t\t<\/div>\n\t\t\t\t<div class=\"elementor-element elementor-element-071473d elementor-widget elementor-widget-text-editor\" data-id=\"071473d\" data-element_type=\"widget\" data-e-type=\"widget\" data-widget_type=\"text-editor.default\">\n\t\t\t\t<div class=\"elementor-widget-container\">\n\t\t\t\t\t\t\t\t\t<p>The User or third party who makes a hyperlink from a web page of another, different, website to the Website of <span style=\"font-weight: 400;\">Power2U Energy<\/span> should know that:<\/p><p>None of the Content and\/or Services of the Website may be reproduced, in whole or in part, without the express permission of <span style=\"font-weight: 400;\">Power2U Energy<\/span>.<\/p><p>No false, inaccurate or incorrect representations about the website of <span style=\"font-weight: 400;\">Power2U Energy<\/span>nor on the Contents and\/or Services of the same.<\/p><p>With the exception of the hyperlink, the website on which the hyperlink is established shall not contain any element of this Website that is protected as intellectual property by Spanish law, unless expressly authorised by <span style=\"font-weight: 400;\">Power2U Energy<\/span>.<\/p><p>The establishment of the hyperlink shall not imply the existence of relationships between <span style=\"font-weight: 400;\">Power2U Energy<\/span> and the owner of the website from which it is carried out, nor the knowledge and acceptance of <span style=\"font-weight: 400;\">Power2U Energy<\/span> of the contents, services and\/or activities offered on said website, and vice versa.<\/p>\t\t\t\t\t\t\t\t<\/div>\n\t\t\t\t<\/div>\n\t\t\t\t<div class=\"elementor-element elementor-element-a1ac3e1 elementor-widget elementor-widget-heading\" data-id=\"a1ac3e1\" data-element_type=\"widget\" data-e-type=\"widget\" data-widget_type=\"heading.default\">\n\t\t\t\t<div class=\"elementor-widget-container\">\n\t\t\t\t\t<h4 class=\"elementor-heading-title elementor-size-default\">V. Intellectual and industrial property<\/h4>\t\t\t\t<\/div>\n\t\t\t\t<\/div>\n\t\t\t\t<div class=\"elementor-element elementor-element-20983f0 elementor-widget elementor-widget-text-editor\" data-id=\"20983f0\" data-element_type=\"widget\" data-e-type=\"widget\" data-widget_type=\"text-editor.default\">\n\t\t\t\t<div class=\"elementor-widget-container\">\n\t\t\t\t\t\t\t\t\t<p><span style=\"font-weight: 400;\">Power2U Energy<\/span> by itself or as an assignee, is the owner of all intellectual and industrial property rights of the Website, as well as of the elements contained therein (including, but not limited to, images, sound, audio, video, software or texts, trademarks or logos, colour combinations, structure and design, selection of materials used, computer programs necessary for its operation, access and use, etc.). They are, therefore, works protected as intellectual property by the Spanish legal system, being applicable to them both the Spanish and Community regulations in this field, as well as the international treaties relating to the matter and signed by Spain.<\/p><p>All rights reserved. In accordance with the provisions of the Intellectual Property Law, the reproduction, distribution and public communication, including making available, of all or part of the contents of this website, for commercial purposes, on any medium and by any technical means, are expressly prohibited without the authorisation of <span style=\"font-weight: 400;\">Power2U Energy<\/span>.<\/p><p>The User undertakes to respect the intellectual and industrial property rights of <span style=\"font-weight: 400;\">Power2U Energy<\/span>. You may view the elements of the Website or even print them, copy them and store them on the hard drive of your computer or on any other physical medium as long as this is exclusively for your personal use. The User, however, may not remove, alter or manipulate any protection device or security system installed on the Website.<\/p><p>In the event that the User or third party considers that any of the Contents of the Website involves a violation of the rights of protection of intellectual property, he\/she should immediately inform <span style=\"font-weight: 400;\">Power2U Energy<\/span> via the contact details in the GENERAL INFORMATION section of this Legal Notice and General Conditions of Use.<\/p>\t\t\t\t\t\t\t\t<\/div>\n\t\t\t\t<\/div>\n\t\t\t\t<div class=\"elementor-element elementor-element-d5c614a elementor-widget elementor-widget-heading\" data-id=\"d5c614a\" data-element_type=\"widget\" data-e-type=\"widget\" data-widget_type=\"heading.default\">\n\t\t\t\t<div class=\"elementor-widget-container\">\n\t\t\t\t\t<h4 class=\"elementor-heading-title elementor-size-default\">VI. Legal Actions, Applicable Law and Jurisdiction<\/h4>\t\t\t\t<\/div>\n\t\t\t\t<\/div>\n\t\t\t\t<div class=\"elementor-element elementor-element-930f28c elementor-widget elementor-widget-text-editor\" data-id=\"930f28c\" data-element_type=\"widget\" data-e-type=\"widget\" data-widget_type=\"text-editor.default\">\n\t\t\t\t<div class=\"elementor-widget-container\">\n\t\t\t\t\t\t\t\t\t<p><span style=\"font-weight: 400;\">Power2U Energy<\/span> reserves the right to bring any civil or criminal action it deems necessary for improper use of the Website and its Contents, or for breach of these Conditions.<\/p><p>The relationship between the User and <span style=\"font-weight: 400;\">Power2U Energy<\/span> shall be governed by the regulations in force and applicable in Spanish territory. Should any dispute arise in relation to the interpretation and\/or application of these Conditions, the parties shall submit their disputes to the ordinary jurisdiction, submitting themselves to the judges and courts that correspond according to law.<\/p>\t\t\t\t\t\t\t\t<\/div>\n\t\t\t\t<\/div>\n\t\t\t\t\t<\/div>\n\t\t<\/div>\n\t\t\t\t\t<\/div>\n\t\t<\/section>\n\t\t\t\t<\/div>","protected":false},"excerpt":{"rendered":"<p>I. Informaci\u00f3n general En cumplimiento con el deber de informaci\u00f3n dispuesto en la Ley 34\/2002 de Servicios de la Sociedad de la Informaci\u00f3n y el Comercio Electr\u00f3nico (LSSI-CE) de 11 de julio, se facilitan a continuaci\u00f3n los siguientes datos de informaci\u00f3n general de este sitio web: La titularidad de este sitio web, https:\/\/power2u-energy.com\/, (en adelante, [&hellip;]<\/p>\n","protected":false},"author":71,"featured_media":0,"parent":0,"menu_order":11,"comment_status":"closed","ping_status":"closed","template":"elementor_header_footer","meta":{"footnotes":""},"class_list":["post-316","page","type-page","status-publish","hentry"],"yoast_head":"<!-- This site is optimized with the Yoast SEO plugin v27.4 - https:\/\/yoast.com\/product\/yoast-seo-wordpress\/ -->\n<title>Aviso legal &#8902; Power2U<\/title>\n<meta name=\"robots\" content=\"noindex, follow\" \/>\n<meta property=\"og:locale\" content=\"en_GB\" \/>\n<meta property=\"og:type\" content=\"article\" \/>\n<meta property=\"og:title\" content=\"Aviso legal &#8902; Power2U\" \/>\n<meta property=\"og:description\" content=\"I. Informaci\u00f3n general En cumplimiento con el deber de informaci\u00f3n dispuesto en la Ley 34\/2002 de Servicios de la Sociedad de la Informaci\u00f3n y el Comercio Electr\u00f3nico (LSSI-CE) de 11 de julio, se facilitan a continuaci\u00f3n los siguientes datos de informaci\u00f3n general de este sitio web: La titularidad de este sitio web, https:\/\/power2u-energy.com\/, (en adelante, [&hellip;]\" \/>\n<meta property=\"og:url\" content=\"https:\/\/power2u-energy.com\/en\/legal\/\" \/>\n<meta property=\"og:site_name\" content=\"Power2U\" \/>\n<meta property=\"article:modified_time\" content=\"2023-10-10T09:56:07+00:00\" \/>\n<meta name=\"twitter:card\" content=\"summary_large_image\" \/>\n<meta name=\"twitter:label1\" content=\"Estimated reading time\" \/>\n\t<meta name=\"twitter:data1\" content=\"7 minutes\" \/>\n<script type=\"application\/ld+json\" class=\"yoast-schema-graph\">{\"@context\":\"https:\\\/\\\/schema.org\",\"@graph\":[{\"@type\":\"WebPage\",\"@id\":\"https:\\\/\\\/power2u-energy.com\\\/legal\\\/\",\"url\":\"https:\\\/\\\/power2u-energy.com\\\/legal\\\/\",\"name\":\"Aviso legal &#8902; Power2U\",\"isPartOf\":{\"@id\":\"https:\\\/\\\/power2u-energy.com\\\/#website\"},\"datePublished\":\"2023-06-06T12:58:40+00:00\",\"dateModified\":\"2023-10-10T09:56:07+00:00\",\"breadcrumb\":{\"@id\":\"https:\\\/\\\/power2u-energy.com\\\/legal\\\/#breadcrumb\"},\"inLanguage\":\"en-GB\",\"potentialAction\":[{\"@type\":\"ReadAction\",\"target\":[\"https:\\\/\\\/power2u-energy.com\\\/legal\\\/\"]}]},{\"@type\":\"BreadcrumbList\",\"@id\":\"https:\\\/\\\/power2u-energy.com\\\/legal\\\/#breadcrumb\",\"itemListElement\":[{\"@type\":\"ListItem\",\"position\":1,\"name\":\"Portada\",\"item\":\"https:\\\/\\\/power2u-energy.com\\\/\"},{\"@type\":\"ListItem\",\"position\":2,\"name\":\"Aviso legal\"}]},{\"@type\":\"WebSite\",\"@id\":\"https:\\\/\\\/power2u-energy.com\\\/#website\",\"url\":\"https:\\\/\\\/power2u-energy.com\\\/\",\"name\":\"Power2U\",\"description\":\"EMPRESA INTEGRADORA DE SISTEMAS DE ENERG\u00cdA\",\"publisher\":{\"@id\":\"https:\\\/\\\/power2u-energy.com\\\/#organization\"},\"potentialAction\":[{\"@type\":\"SearchAction\",\"target\":{\"@type\":\"EntryPoint\",\"urlTemplate\":\"https:\\\/\\\/power2u-energy.com\\\/?s={search_term_string}\"},\"query-input\":{\"@type\":\"PropertyValueSpecification\",\"valueRequired\":true,\"valueName\":\"search_term_string\"}}],\"inLanguage\":\"en-GB\"},{\"@type\":\"Organization\",\"@id\":\"https:\\\/\\\/power2u-energy.com\\\/#organization\",\"name\":\"Power2U\",\"url\":\"https:\\\/\\\/power2u-energy.com\\\/\",\"logo\":{\"@type\":\"ImageObject\",\"inLanguage\":\"en-GB\",\"@id\":\"https:\\\/\\\/power2u-energy.com\\\/#\\\/schema\\\/logo\\\/image\\\/\",\"url\":\"https:\\\/\\\/power2u-energy.com\\\/wp-content\\\/uploads\\\/2023\\\/06\\\/logo-kelin.png\",\"contentUrl\":\"https:\\\/\\\/power2u-energy.com\\\/wp-content\\\/uploads\\\/2023\\\/06\\\/logo-kelin.png\",\"width\":1709,\"height\":435,\"caption\":\"Power2U\"},\"image\":{\"@id\":\"https:\\\/\\\/power2u-energy.com\\\/#\\\/schema\\\/logo\\\/image\\\/\"}}]}<\/script>\n<!-- \/ Yoast SEO plugin. -->","yoast_head_json":{"title":"Aviso legal &#8902; Power2U","robots":{"index":"noindex","follow":"follow"},"og_locale":"en_GB","og_type":"article","og_title":"Aviso legal &#8902; Power2U","og_description":"I. Informaci\u00f3n general En cumplimiento con el deber de informaci\u00f3n dispuesto en la Ley 34\/2002 de Servicios de la Sociedad de la Informaci\u00f3n y el Comercio Electr\u00f3nico (LSSI-CE) de 11 de julio, se facilitan a continuaci\u00f3n los siguientes datos de informaci\u00f3n general de este sitio web: La titularidad de este sitio web, https:\/\/power2u-energy.com\/, (en adelante, [&hellip;]","og_url":"https:\/\/power2u-energy.com\/en\/legal\/","og_site_name":"Power2U","article_modified_time":"2023-10-10T09:56:07+00:00","twitter_card":"summary_large_image","twitter_misc":{"Estimated reading time":"7 minutes"},"schema":{"@context":"https:\/\/schema.org","@graph":[{"@type":"WebPage","@id":"https:\/\/power2u-energy.com\/legal\/","url":"https:\/\/power2u-energy.com\/legal\/","name":"Aviso legal &#8902; Power2U","isPartOf":{"@id":"https:\/\/power2u-energy.com\/#website"},"datePublished":"2023-06-06T12:58:40+00:00","dateModified":"2023-10-10T09:56:07+00:00","breadcrumb":{"@id":"https:\/\/power2u-energy.com\/legal\/#breadcrumb"},"inLanguage":"en-GB","potentialAction":[{"@type":"ReadAction","target":["https:\/\/power2u-energy.com\/legal\/"]}]},{"@type":"BreadcrumbList","@id":"https:\/\/power2u-energy.com\/legal\/#breadcrumb","itemListElement":[{"@type":"ListItem","position":1,"name":"Portada","item":"https:\/\/power2u-energy.com\/"},{"@type":"ListItem","position":2,"name":"Aviso legal"}]},{"@type":"WebSite","@id":"https:\/\/power2u-energy.com\/#website","url":"https:\/\/power2u-energy.com\/","name":"Power2U","description":"ENERGY SYSTEMS INTEGRATOR","publisher":{"@id":"https:\/\/power2u-energy.com\/#organization"},"potentialAction":[{"@type":"SearchAction","target":{"@type":"EntryPoint","urlTemplate":"https:\/\/power2u-energy.com\/?s={search_term_string}"},"query-input":{"@type":"PropertyValueSpecification","valueRequired":true,"valueName":"search_term_string"}}],"inLanguage":"en-GB"},{"@type":"Organization","@id":"https:\/\/power2u-energy.com\/#organization","name":"Power2U","url":"https:\/\/power2u-energy.com\/","logo":{"@type":"ImageObject","inLanguage":"en-GB","@id":"https:\/\/power2u-energy.com\/#\/schema\/logo\/image\/","url":"https:\/\/power2u-energy.com\/wp-content\/uploads\/2023\/06\/logo-kelin.png","contentUrl":"https:\/\/power2u-energy.com\/wp-content\/uploads\/2023\/06\/logo-kelin.png","width":1709,"height":435,"caption":"Power2U"},"image":{"@id":"https:\/\/power2u-energy.com\/#\/schema\/logo\/image\/"}}]}},"_links":{"self":[{"href":"https:\/\/power2u-energy.com\/en\/wp-json\/wp\/v2\/pages\/316","targetHints":{"allow":["GET"]}}],"collection":[{"href":"https:\/\/power2u-energy.com\/en\/wp-json\/wp\/v2\/pages"}],"about":[{"href":"https:\/\/power2u-energy.com\/en\/wp-json\/wp\/v2\/types\/page"}],"author":[{"embeddable":true,"href":"https:\/\/power2u-energy.com\/en\/wp-json\/wp\/v2\/users\/71"}],"replies":[{"embeddable":true,"href":"https:\/\/power2u-energy.com\/en\/wp-json\/wp\/v2\/comments?post=316"}],"version-history":[{"count":30,"href":"https:\/\/power2u-energy.com\/en\/wp-json\/wp\/v2\/pages\/316\/revisions"}],"predecessor-version":[{"id":1370,"href":"https:\/\/power2u-energy.com\/en\/wp-json\/wp\/v2\/pages\/316\/revisions\/1370"}],"wp:attachment":[{"href":"https:\/\/power2u-energy.com\/en\/wp-json\/wp\/v2\/media?parent=316"}],"curies":[{"name":"wp","href":"https:\/\/api.w.org\/{rel}","templated":true}]}}