{"id":1008,"date":"2023-06-19T17:07:17","date_gmt":"2023-06-19T15:07:17","guid":{"rendered":"https:\/\/power2u-energy.com\/?page_id=1008"},"modified":"2023-10-10T11:56:08","modified_gmt":"2023-10-10T09:56:08","slug":"accesibilidad","status":"publish","type":"page","link":"https:\/\/power2u-energy.com\/en\/accesibilidad\/","title":{"rendered":"Accessibility"},"content":{"rendered":"<style>.elementor-1008 .elementor-element.elementor-element-1ede4ca{padding:80px 0px 0px 0px;}.elementor-1008 .elementor-element.elementor-element-1235bbd{text-align:center;}.elementor-1008 .elementor-element.elementor-element-074d51e{--divider-border-style:solid;--divider-color:var( --e-global-color-primary );--divider-border-width:5px;}.elementor-1008 .elementor-element.elementor-element-074d51e .elementor-divider-separator{width:15%;margin:0 auto;margin-center:0;}.elementor-1008 .elementor-element.elementor-element-074d51e .elementor-divider{text-align:center;padding-block-start:0px;padding-block-end:0px;}.elementor-1008 .elementor-element.elementor-element-3353c86{padding:80px 0px 80px 0px;}:root{--page-title-display:none;}@media(max-width:1366px){.elementor-1008 .elementor-element.elementor-element-3353c86{padding:60px 50px 60px 50px;}}@media(max-width:1024px){.elementor-1008 .elementor-element.elementor-element-1ede4ca{padding:60px 20px 0px 20px;}.elementor-1008 .elementor-element.elementor-element-3353c86{padding:60px 20px 60px 20px;}}@media(max-width:767px){.elementor-1008 .elementor-element.elementor-element-1ede4ca{padding:50px 20px 0px 20px;}.elementor-1008 .elementor-element.elementor-element-3353c86{padding:60px 20px 60px 20px;}}<\/style>\t\t<div data-elementor-type=\"wp-page\" data-elementor-id=\"1008\" class=\"elementor elementor-1008\" data-elementor-post-type=\"page\">\n\t\t\t\t\t\t<section class=\"elementor-section elementor-top-section elementor-element elementor-element-1ede4ca elementor-section-boxed elementor-section-height-default elementor-section-height-default\" data-id=\"1ede4ca\" data-element_type=\"section\" data-e-type=\"section\">\n\t\t\t\t\t\t<div class=\"elementor-container elementor-column-gap-no\">\n\t\t\t\t\t<div class=\"elementor-column elementor-col-100 elementor-top-column elementor-element elementor-element-e73c306\" data-id=\"e73c306\" data-element_type=\"column\" data-e-type=\"column\">\n\t\t\t<div class=\"elementor-widget-wrap elementor-element-populated\">\n\t\t\t\t\t\t<div class=\"elementor-element elementor-element-074d51e elementor-widget-divider--view-line elementor-widget elementor-widget-divider\" data-id=\"074d51e\" data-element_type=\"widget\" data-e-type=\"widget\" data-widget_type=\"divider.default\">\n\t\t\t\t<div class=\"elementor-widget-container\">\n\t\t\t\t\t\t\t<div class=\"elementor-divider\">\n\t\t\t<span class=\"elementor-divider-separator\">\n\t\t\t\t\t\t<\/span>\n\t\t<\/div>\n\t\t\t\t\t\t<\/div>\n\t\t\t\t<\/div>\n\t\t\t\t\t<\/div>\n\t\t<\/div>\n\t\t\t\t\t<\/div>\n\t\t<\/section>\n\t\t\t\t<section class=\"elementor-section elementor-top-section elementor-element elementor-element-3353c86 elementor-section-boxed elementor-section-height-default elementor-section-height-default\" data-id=\"3353c86\" data-element_type=\"section\" data-e-type=\"section\">\n\t\t\t\t\t\t<div class=\"elementor-container elementor-column-gap-no\">\n\t\t\t\t\t<div class=\"elementor-column elementor-col-100 elementor-top-column elementor-element elementor-element-6d2c0be\" data-id=\"6d2c0be\" data-element_type=\"column\" data-e-type=\"column\">\n\t\t\t<div class=\"elementor-widget-wrap elementor-element-populated\">\n\t\t\t\t\t\t<div class=\"elementor-element elementor-element-d795311 elementor-widget elementor-widget-text-editor\" data-id=\"d795311\" data-element_type=\"widget\" data-e-type=\"widget\" data-widget_type=\"text-editor.default\">\n\t\t\t\t<div class=\"elementor-widget-container\">\n\t\t\t\t\t\t\t\t\t<p>El propietario del sitio web se ha comprometido en hacer accesible su sitio web de conformidad con el Real Decreto 1112\/2018, de 7 de septiembre, sobre accesibilidad de los sitios web y aplicaciones para dispositivos m\u00f3viles del sector p\u00fablico (en adelante, Real Decreto 1112\/2018, de 7 de septiembre), por el que se traspone la Directiva (UE) 2016\/2102 del Parlamento Europeo y del Consejo, de 26 de octubre de 2016. La presente declaraci\u00f3n aplica a este sitio web.<\/p><h4>Situaci\u00f3n de cumplimiento<\/h4><p><br \/>Este sitio web es parcialmente conforme con el Real Decreto 1112\/2018, de 7 de septiembre a causa de las excepciones y la falta de conformidad de los aspectos que se indican a continuaci\u00f3n. Contenido no accesible El contenido que es recoge a continuaci\u00f3n no es accesible por los siguientes motivos: Falta de conformidad con el Real Decreto 1112\/2018, de 7 de septiembre:<\/p><ol><li>Algunas im\u00e1genes no est\u00e1n etiquetadas o tienen una alternativa textual gen\u00e9rica [requisito n\u00famero 9.1.1.1 de la norma UNE-EN 301549:2019 Contenido no textual].<\/li><li>Algunos v\u00eddeos grabados pueden no contener subt\u00edtulos [requisito n\u00famero 9.1.2.2 de la norma UNE-EN 301549:2019 subt\u00edtulos (grabados)].<\/li><li>Algunos videos pregrabados en el sitio web no disponen de audio descripci\u00f3n o medios alternativos [requisitos n\u00famero 9.1.2.5 y 9.1.2.3 de la norma UNE-EN 301549:2019 Audio descripci\u00f3n o medios alternativos (grabado)].<\/li><li>En algunas p\u00e1ginas la informaci\u00f3n, estructura y relaciones no est\u00e1n determinadas por software o no tienen alternativa como texto. [requisito n\u00famero 9.1.3.1 de la UNE-EN 301549:2019 de informaci\u00f3n y relaciones.<\/li><li>En algunas p\u00e1ginas se ha utilizado el color como \u00fanico medio visual para transmitir informaci\u00f3n, indicar una acci\u00f3n, provocar una respuesta o distinguir un elemento visual [requisito n\u00famero 9.1.4.1 de la norma UNE-EN 301549:2019 uso del color].<\/li><li>En algunas p\u00e1ginas puede haber atributos e identificadores duplicados [requisito n\u00famero 9.4.1.1 de la norma UNE-EN 301549:2019 procesamiento].<\/li><li>En algunas p\u00e1ginas los componentes de interfaz de usuario como elementos de formulario, enlaces y componentes generados por script no siguen la estructura recomendada por las pautas de accesibilidad [requisito n\u00famero 9.4.1.2 de la norma UNE-EN 301549:2019 Nombre, funci\u00f3n, valor].<\/li><li>En algunos formularios el campo de entrada que recopila informaci\u00f3n sobre el usuario no tiene identificado el prop\u00f3sito [requisito n\u00famero 9.1.3.5 de la norma UNE-EN 301549:2019 identificaci\u00f3n del prop\u00f3sito de entrada].<\/li><li>En algunas p\u00e1ginas la relaci\u00f3n de contraste en texto o im\u00e1genes podr\u00eda no ser de al menos 4.5:1 [requisito n\u00famero 9.1.4.3 de la norma UNE-EN 301549:2019 contraste m\u00ednimo].<\/li><li>En algunas p\u00e1ginas el contraste de los componentes de interfaz de usuario y de objetos gr\u00e1ficos podr\u00eda no llegar al 3:1 con los colores adyacentes [requisito n\u00famero 9.1.4.11 de la norma UNE-EN 301549:2019 contraste no textual].<\/li><li>De manera puntual podr\u00eda existir alg\u00fan error de entrada en alg\u00fan campo\/formulario\u00a0 del que no se notificase al usuario la sugerencia para solucionarlo\u00a0 [requisito n\u00famero 9.3.3.3 de la norma UNE-EN 301549:2019 Sugerencia ante errores].<\/li><li>En algunas p\u00e1ginas los mensajes de estado podr\u00edan no estar determinados mediante programaci\u00f3n a trav\u00e9s de funciones o propiedades [requisito n\u00famero 9.4.1.3 de la norma UNE-EN 301549:2019 mensajes de estado].<\/li><\/ol><p>Carga desproporcionada \u00abNo aplica\u00bb. El contenido no entra dentro del \u00e1mbito de la legislaci\u00f3n aplicable.<\/p><p>Podr\u00edan existir archivos ofim\u00e1ticos en PDF o otros formatos publicados antes del 20 de septiembre de 2018 que no cumplen \u00edntegramente todos los requisitos de accesibilidad.<\/p><h4>Observaciones y datos de contacto<\/h4><p><br \/>Se pueden realizar comunicaciones sobre requisitos de accesibilidad (art\u00edculo 10.2.a del Real Decreto 1112\/2018, de 7 de septiembre), a trav\u00e9s del formulario de contacto, por ejemplo:<\/p><ul><li>Informar sobre cualquier posible incumplimiento por parte de este sitio web<\/li><li>Transmitir otras dificultades de acceso al contenido.<\/li><li>Formular cualquier otra consulta o sugerencia de mejora relativa a la accesibilidad del sitio web.<\/li><\/ul><p>Las comunicaciones ser\u00e1n recibidas y tratadas por la Unidad Responsable de Accesibilidad.<\/p>\t\t\t\t\t\t\t\t<\/div>\n\t\t\t\t<\/div>\n\t\t\t\t\t<\/div>\n\t\t<\/div>\n\t\t\t\t\t<\/div>\n\t\t<\/section>\n\t\t\t\t<\/div>\n\t\t","protected":false},"excerpt":{"rendered":"<p>El propietario del sitio web se ha comprometido en hacer accesible su sitio web de conformidad con el Real Decreto 1112\/2018, de 7 de septiembre, sobre accesibilidad de los sitios web y aplicaciones para dispositivos m\u00f3viles del sector p\u00fablico (en adelante, Real Decreto 1112\/2018, de 7 de septiembre), por el que se traspone la Directiva [&hellip;]<\/p>\n","protected":false},"author":74,"featured_media":0,"parent":0,"menu_order":14,"comment_status":"closed","ping_status":"closed","template":"elementor_header_footer","meta":{"footnotes":""},"class_list":["post-1008","page","type-page","status-publish","hentry"],"yoast_head":"<!-- This site is optimized with the Yoast SEO plugin v27.4 - https:\/\/yoast.com\/product\/yoast-seo-wordpress\/ -->\n<title>Accesibilidad &#8902; Power2U<\/title>\n<meta name=\"robots\" content=\"noindex, nofollow\" \/>\n<meta property=\"og:locale\" content=\"en_GB\" \/>\n<meta property=\"og:type\" content=\"article\" \/>\n<meta property=\"og:title\" content=\"Accesibilidad &#8902; Power2U\" \/>\n<meta property=\"og:description\" content=\"El propietario del sitio web se ha comprometido en hacer accesible su sitio web de conformidad con el Real Decreto 1112\/2018, de 7 de septiembre, sobre accesibilidad de los sitios web y aplicaciones para dispositivos m\u00f3viles del sector p\u00fablico (en adelante, Real Decreto 1112\/2018, de 7 de septiembre), por el que se traspone la Directiva [&hellip;]\" \/>\n<meta property=\"og:url\" content=\"https:\/\/power2u-energy.com\/en\/accesibilidad\/\" \/>\n<meta property=\"og:site_name\" content=\"Power2U\" \/>\n<meta property=\"article:modified_time\" content=\"2023-10-10T09:56:08+00:00\" \/>\n<meta name=\"twitter:card\" content=\"summary_large_image\" \/>\n<meta name=\"twitter:label1\" content=\"Estimated reading time\" \/>\n\t<meta name=\"twitter:data1\" content=\"3 minutes\" \/>\n<script type=\"application\/ld+json\" class=\"yoast-schema-graph\">{\"@context\":\"https:\\\/\\\/schema.org\",\"@graph\":[{\"@type\":\"WebPage\",\"@id\":\"https:\\\/\\\/power2u-energy.com\\\/accesibilidad\\\/\",\"url\":\"https:\\\/\\\/power2u-energy.com\\\/accesibilidad\\\/\",\"name\":\"Accesibilidad &#8902; Power2U\",\"isPartOf\":{\"@id\":\"https:\\\/\\\/power2u-energy.com\\\/#website\"},\"datePublished\":\"2023-06-19T15:07:17+00:00\",\"dateModified\":\"2023-10-10T09:56:08+00:00\",\"breadcrumb\":{\"@id\":\"https:\\\/\\\/power2u-energy.com\\\/accesibilidad\\\/#breadcrumb\"},\"inLanguage\":\"en-GB\",\"potentialAction\":[{\"@type\":\"ReadAction\",\"target\":[\"https:\\\/\\\/power2u-energy.com\\\/accesibilidad\\\/\"]}]},{\"@type\":\"BreadcrumbList\",\"@id\":\"https:\\\/\\\/power2u-energy.com\\\/accesibilidad\\\/#breadcrumb\",\"itemListElement\":[{\"@type\":\"ListItem\",\"position\":1,\"name\":\"Portada\",\"item\":\"https:\\\/\\\/power2u-energy.com\\\/\"},{\"@type\":\"ListItem\",\"position\":2,\"name\":\"Accesibilidad\"}]},{\"@type\":\"WebSite\",\"@id\":\"https:\\\/\\\/power2u-energy.com\\\/#website\",\"url\":\"https:\\\/\\\/power2u-energy.com\\\/\",\"name\":\"Power2U\",\"description\":\"EMPRESA INTEGRADORA DE SISTEMAS DE ENERG\u00cdA\",\"publisher\":{\"@id\":\"https:\\\/\\\/power2u-energy.com\\\/#organization\"},\"potentialAction\":[{\"@type\":\"SearchAction\",\"target\":{\"@type\":\"EntryPoint\",\"urlTemplate\":\"https:\\\/\\\/power2u-energy.com\\\/?s={search_term_string}\"},\"query-input\":{\"@type\":\"PropertyValueSpecification\",\"valueRequired\":true,\"valueName\":\"search_term_string\"}}],\"inLanguage\":\"en-GB\"},{\"@type\":\"Organization\",\"@id\":\"https:\\\/\\\/power2u-energy.com\\\/#organization\",\"name\":\"Power2U\",\"url\":\"https:\\\/\\\/power2u-energy.com\\\/\",\"logo\":{\"@type\":\"ImageObject\",\"inLanguage\":\"en-GB\",\"@id\":\"https:\\\/\\\/power2u-energy.com\\\/#\\\/schema\\\/logo\\\/image\\\/\",\"url\":\"https:\\\/\\\/power2u-energy.com\\\/wp-content\\\/uploads\\\/2023\\\/06\\\/logo-kelin.png\",\"contentUrl\":\"https:\\\/\\\/power2u-energy.com\\\/wp-content\\\/uploads\\\/2023\\\/06\\\/logo-kelin.png\",\"width\":1709,\"height\":435,\"caption\":\"Power2U\"},\"image\":{\"@id\":\"https:\\\/\\\/power2u-energy.com\\\/#\\\/schema\\\/logo\\\/image\\\/\"}}]}<\/script>\n<!-- \/ Yoast SEO plugin. -->","yoast_head_json":{"title":"Accessibility \u22c6 Power2U","robots":{"index":"noindex","follow":"nofollow"},"og_locale":"en_GB","og_type":"article","og_title":"Accesibilidad &#8902; Power2U","og_description":"El propietario del sitio web se ha comprometido en hacer accesible su sitio web de conformidad con el Real Decreto 1112\/2018, de 7 de septiembre, sobre accesibilidad de los sitios web y aplicaciones para dispositivos m\u00f3viles del sector p\u00fablico (en adelante, Real Decreto 1112\/2018, de 7 de septiembre), por el que se traspone la Directiva [&hellip;]","og_url":"https:\/\/power2u-energy.com\/en\/accesibilidad\/","og_site_name":"Power2U","article_modified_time":"2023-10-10T09:56:08+00:00","twitter_card":"summary_large_image","twitter_misc":{"Estimated reading time":"3 minutes"},"schema":{"@context":"https:\/\/schema.org","@graph":[{"@type":"WebPage","@id":"https:\/\/power2u-energy.com\/accesibilidad\/","url":"https:\/\/power2u-energy.com\/accesibilidad\/","name":"Accessibility \u22c6 Power2U","isPartOf":{"@id":"https:\/\/power2u-energy.com\/#website"},"datePublished":"2023-06-19T15:07:17+00:00","dateModified":"2023-10-10T09:56:08+00:00","breadcrumb":{"@id":"https:\/\/power2u-energy.com\/accesibilidad\/#breadcrumb"},"inLanguage":"en-GB","potentialAction":[{"@type":"ReadAction","target":["https:\/\/power2u-energy.com\/accesibilidad\/"]}]},{"@type":"BreadcrumbList","@id":"https:\/\/power2u-energy.com\/accesibilidad\/#breadcrumb","itemListElement":[{"@type":"ListItem","position":1,"name":"Portada","item":"https:\/\/power2u-energy.com\/"},{"@type":"ListItem","position":2,"name":"Accesibilidad"}]},{"@type":"WebSite","@id":"https:\/\/power2u-energy.com\/#website","url":"https:\/\/power2u-energy.com\/","name":"Power2U","description":"ENERGY SYSTEMS INTEGRATOR","publisher":{"@id":"https:\/\/power2u-energy.com\/#organization"},"potentialAction":[{"@type":"SearchAction","target":{"@type":"EntryPoint","urlTemplate":"https:\/\/power2u-energy.com\/?s={search_term_string}"},"query-input":{"@type":"PropertyValueSpecification","valueRequired":true,"valueName":"search_term_string"}}],"inLanguage":"en-GB"},{"@type":"Organization","@id":"https:\/\/power2u-energy.com\/#organization","name":"Power2U","url":"https:\/\/power2u-energy.com\/","logo":{"@type":"ImageObject","inLanguage":"en-GB","@id":"https:\/\/power2u-energy.com\/#\/schema\/logo\/image\/","url":"https:\/\/power2u-energy.com\/wp-content\/uploads\/2023\/06\/logo-kelin.png","contentUrl":"https:\/\/power2u-energy.com\/wp-content\/uploads\/2023\/06\/logo-kelin.png","width":1709,"height":435,"caption":"Power2U"},"image":{"@id":"https:\/\/power2u-energy.com\/#\/schema\/logo\/image\/"}}]}},"_links":{"self":[{"href":"https:\/\/power2u-energy.com\/en\/wp-json\/wp\/v2\/pages\/1008","targetHints":{"allow":["GET"]}}],"collection":[{"href":"https:\/\/power2u-energy.com\/en\/wp-json\/wp\/v2\/pages"}],"about":[{"href":"https:\/\/power2u-energy.com\/en\/wp-json\/wp\/v2\/types\/page"}],"author":[{"embeddable":true,"href":"https:\/\/power2u-energy.com\/en\/wp-json\/wp\/v2\/users\/74"}],"replies":[{"embeddable":true,"href":"https:\/\/power2u-energy.com\/en\/wp-json\/wp\/v2\/comments?post=1008"}],"version-history":[{"count":11,"href":"https:\/\/power2u-energy.com\/en\/wp-json\/wp\/v2\/pages\/1008\/revisions"}],"predecessor-version":[{"id":1379,"href":"https:\/\/power2u-energy.com\/en\/wp-json\/wp\/v2\/pages\/1008\/revisions\/1379"}],"wp:attachment":[{"href":"https:\/\/power2u-energy.com\/en\/wp-json\/wp\/v2\/media?parent=1008"}],"curies":[{"name":"wp","href":"https:\/\/api.w.org\/{rel}","templated":true}]}}